{"id":21,"date":"2019-07-03T14:50:25","date_gmt":"2019-07-03T14:50:25","guid":{"rendered":"http:\/\/wp\/enfold-medium-business\/?page_id=21"},"modified":"2019-07-03T16:53:06","modified_gmt":"2019-07-03T16:53:06","slug":"contactos","status":"publish","type":"page","link":"https:\/\/fontefaria.com\/novo\/pt\/contactos\/","title":{"rendered":"Contactos"},"content":{"rendered":"<\/div><\/div><\/div><!-- close content main div --><\/div><\/div><div id='av_section_1' class='avia-section main_color avia-section-huge avia-no-border-styling av-parallax-section av-section-color-overlay-active avia-bg-style-parallax  av-minimum-height av-minimum-height-25 container_wrap sidebar_right'  data-section-bg-repeat='no-repeat' ><div class='av-parallax' data-avia-parallax-ratio='0.3' ><div class='av-parallax-inner main_color  avia-full-stretch' style = 'background-repeat: no-repeat; background-image: url(https:\/\/fontefaria.com\/novo\/wp-content\/uploads\/2015\/02\/DSC00915.jpg); background-attachment: scroll; background-position: bottom center; ' ><\/div><\/div><div class='av-section-color-overlay-wrap'><div class='av-section-color-overlay' style='opacity: 0.7; background-color: #323752; '><\/div><a href='#next-section' title='' class='scroll-down-link' aria-hidden='true' data-av_icon='\ue877' data-av_iconfont='entypo-fontello'><\/a><div class='container' ><div class='template-page content  av-content-small alpha units'><div class='post-entry post-entry-type-page post-entry-21'><div class='entry-content-wrapper clearfix'>\n<div class=\"flex_column av_one_fifth  flex_column_div first  \" ><\/div><div class=\"flex_column av_three_fifth  flex_column_div av-zero-column-padding   \" style='border-radius:0px; '><p><div style='padding-bottom:10px;color:#ffffff;font-size:40px;' class='av-special-heading av-special-heading-h1 custom-color-heading blockquote modern-quote modern-centered  av-thin-font av-inherit-size'><h1 class='av-special-heading-tag'  itemprop=\"headline\"  ><strong>Contactos<\/strong><\/h1><div class='special-heading-border'><div class='special-heading-inner-border' style='border-color:#ffffff'><\/div><\/div><\/div><br \/>\n<div style=' margin-top:40px; margin-bottom:40px;'  class='hr hr-custom hr-center hr-icon-no '><span class='hr-inner   inner-border-av-border-fat' style=' width:50px; border-color:#ffffff;' ><span class='hr-inner-style'><\/span><\/span><\/div><\/p><\/div><div class=\"flex_column av_one_fifth  flex_column_div av-zero-column-padding   \" style='border-radius:0px; '><\/div><\/div><\/div><\/div><!-- close content main div --><\/div><\/div><\/div><div id='after_section_1' class='main_color av_default_container_wrap container_wrap sidebar_right'   ><div class='container' ><div class='template-page content  av-content-small alpha units'><div class='post-entry post-entry-type-page post-entry-21'><div class='entry-content-wrapper clearfix'><\/div><\/div><\/div><!-- close content main div --><\/div><\/div><\/div><div id='av_section_2' class='avia-section main_color avia-section-default avia-no-shadow avia-bg-style-scroll  container_wrap sidebar_right'   ><div class='container' ><div class='template-page content  av-content-small alpha units'><div class='post-entry post-entry-type-page post-entry-21'><div class='entry-content-wrapper clearfix'>\n<div style='padding-bottom:10px;font-size:40px;' class='av-special-heading av-special-heading-h1  blockquote modern-quote modern-centered   av-thin-font av-inherit-size'><h1 class='av-special-heading-tag'  itemprop=\"headline\"  >Conhe\u00e7a as Nossas <strong>Instala\u00e7\u00f5es<\/strong><\/h1><div class='special-heading-border'><div class='special-heading-inner-border' ><\/div><\/div><\/div>\n<div style=' margin-top:40px; margin-bottom:40px;'  class='hr hr-custom hr-center hr-icon-no '><span class='hr-inner   inner-border-av-border-fat' style=' width:50px; border-color:#000000;' ><span class='hr-inner-style'><\/span><\/span><\/div>\n<div class=\"flex_column av_one_half  flex_column_div first  \" ><section class=\"av_textblock_section\"  itemscope=\"itemscope\" itemtype=\"https:\/\/schema.org\/CreativeWork\" ><div class='avia_textblock '   itemprop=\"text\" ><p style=\"text-align: center;\">Rua Nossa Senhora da Salva\u00e7\u00e3o, n\u00ba 210<br \/>\n4755-234 Gilmonde, Barcelos<\/p>\n<p style=\"text-align: center;\"><i class=\"fa fa-phone\"><\/i> T. <a href=\"tel:253851278\">+351 253 851 278<\/a><\/p>\n<p style=\"text-align: center;\"><i class=\"fa fa-fax\"><\/i> F. +351 253 851 087<\/p>\n<p style=\"text-align: center;\"><i class=\"fa fa-envelope\"><\/i> <a href=\"mailto:geral@fontefaria.com\">geral@fontefaria.com<\/a><\/p>\n<p style=\"text-align: center;\"><a href=\"https:\/\/www.facebook.com\/Fonte-Faria-Unipessoal-lda-262328927156265\/\"><span class=\"av_font_icon avia_animate_when_visible av-icon-style-  avia-icon-pos-left \" style=\"color:#adadad; border-color:#adadad;\"><span class='av-icon-char' style='font-size:20px;line-height:20px;' aria-hidden='true' data-av_icon='\ue8f5' data-av_iconfont='entypo-fontello' ><\/span><\/span>https:\/\/www.facebook.com\/Fonte-Faria-Unipessoal-lda-262328927156265\/<\/a><\/p>\n<\/div><\/section><\/div><div class=\"flex_column av_one_half  flex_column_div av-zero-column-padding   \" style='border-radius:0px; '><section class=\"avia_codeblock_section avia_code_block_0\"  itemscope=\"itemscope\" itemtype=\"https:\/\/schema.org\/CreativeWork\" ><div class='avia_codeblock '  itemprop=\"text\" > [avia_codeblock_placeholder uid=\"0\"] <\/div><\/section><\/div><div style='height:50px' class='hr hr-invisible '><span class='hr-inner ' ><span class='hr-inner-style'><\/span><\/span><\/div>\n<\/div><\/div><\/div><!-- close content main div --><\/div><\/div><div id='after_section_2' class='main_color av_default_container_wrap container_wrap sidebar_right'   ><div class='container' ><div class='template-page content  av-content-small alpha units'><div class='post-entry post-entry-type-page post-entry-21'><div class='entry-content-wrapper clearfix'><\/p>\n<\/div><\/div><\/div><!-- close content main div --><\/div><\/div><div id='av_section_3' class='avia-section main_color avia-section-default avia-no-shadow avia-bg-style-scroll  container_wrap sidebar_right'   ><div class='container' ><div class='template-page content  av-content-small alpha units'><div class='post-entry post-entry-type-page post-entry-21'><div class='entry-content-wrapper clearfix'>\n<div class=\"flex_column av_one_full  flex_column_div av-zero-column-padding first  \" style='border-radius:0px; '><div style='padding-bottom:10px;font-size:40px;' class='av-special-heading av-special-heading-h1  blockquote modern-quote modern-centered  av-thin-font av-inherit-size'><h1 class='av-special-heading-tag'  itemprop=\"headline\"  >Envie-nos uma <strong>Mensagem<\/strong><\/h1><div class='special-heading-border'><div class='special-heading-inner-border' ><\/div><\/div><\/div><\/div><div style=' margin-top:40px; margin-bottom:40px;'  class='hr hr-custom hr-center hr-icon-no '><span class='hr-inner   inner-border-av-border-fat' style=' width:50px; border-color:#000000;' ><span class='hr-inner-style'><\/span><\/span><\/div>\n<section class=\"avia_codeblock_section avia_code_block_1\"  itemscope=\"itemscope\" itemtype=\"https:\/\/schema.org\/CreativeWork\" ><div class='avia_codeblock '  itemprop=\"text\" > [avia_codeblock_placeholder uid=\"1\"] <\/div><\/section>\n<\/div><\/div><\/div><!-- close content main div --><\/div><\/div><div id='after_section_3' class='main_color av_default_container_wrap container_wrap sidebar_right'   ><div class='container' ><div class='template-page content  av-content-small alpha units'><div class='post-entry post-entry-type-page post-entry-21'><div class='entry-content-wrapper clearfix'>\n","protected":false},"excerpt":{"rendered":"","protected":false},"author":1,"featured_media":0,"parent":0,"menu_order":0,"comment_status":"open","ping_status":"closed","template":"","meta":{"footnotes":""},"class_list":["post-21","page","type-page","status-publish","hentry"],"yoast_head":"<!-- This site is optimized with the Yoast SEO plugin v23.0 - https:\/\/yoast.com\/wordpress\/plugins\/seo\/ -->\n<title>Contactos - Fonte &amp; Faria<\/title>\n<meta name=\"robots\" content=\"index, follow, max-snippet:-1, max-image-preview:large, max-video-preview:-1\" \/>\n<link rel=\"canonical\" href=\"https:\/\/fontefaria.com\/novo\/pt\/contactos\/\" \/>\n<meta property=\"og:locale\" content=\"pt_PT\" \/>\n<meta property=\"og:type\" content=\"article\" \/>\n<meta property=\"og:title\" content=\"Contactos - Fonte &amp; Faria\" \/>\n<meta property=\"og:url\" content=\"https:\/\/fontefaria.com\/novo\/pt\/contactos\/\" \/>\n<meta property=\"og:site_name\" content=\"Fonte &amp; Faria\" \/>\n<meta property=\"article:modified_time\" content=\"2019-07-03T16:53:06+00:00\" \/>\n<meta name=\"twitter:card\" content=\"summary_large_image\" \/>\n<meta name=\"twitter:label1\" content=\"Tempo estimado de leitura\" \/>\n\t<meta name=\"twitter:data1\" content=\"4 minutos\" \/>\n<script type=\"application\/ld+json\" class=\"yoast-schema-graph\">{\"@context\":\"https:\/\/schema.org\",\"@graph\":[{\"@type\":\"WebPage\",\"@id\":\"https:\/\/fontefaria.com\/novo\/pt\/contactos\/\",\"url\":\"https:\/\/fontefaria.com\/novo\/pt\/contactos\/\",\"name\":\"Contactos - Fonte &amp; Faria\",\"isPartOf\":{\"@id\":\"https:\/\/fontefaria.com\/novo\/#website\"},\"datePublished\":\"2019-07-03T14:50:25+00:00\",\"dateModified\":\"2019-07-03T16:53:06+00:00\",\"breadcrumb\":{\"@id\":\"https:\/\/fontefaria.com\/novo\/pt\/contactos\/#breadcrumb\"},\"inLanguage\":\"pt-PT\",\"potentialAction\":[{\"@type\":\"ReadAction\",\"target\":[\"https:\/\/fontefaria.com\/novo\/pt\/contactos\/\"]}]},{\"@type\":\"BreadcrumbList\",\"@id\":\"https:\/\/fontefaria.com\/novo\/pt\/contactos\/#breadcrumb\",\"itemListElement\":[{\"@type\":\"ListItem\",\"position\":1,\"name\":\"In\u00edcio\",\"item\":\"https:\/\/fontefaria.com\/novo\/pt\/home\/\"},{\"@type\":\"ListItem\",\"position\":2,\"name\":\"Contactos\"}]},{\"@type\":\"WebSite\",\"@id\":\"https:\/\/fontefaria.com\/novo\/#website\",\"url\":\"https:\/\/fontefaria.com\/novo\/\",\"name\":\"Fonte &amp; Faria\",\"description\":\"T\u00eaxtil\",\"publisher\":{\"@id\":\"https:\/\/fontefaria.com\/novo\/#organization\"},\"potentialAction\":[{\"@type\":\"SearchAction\",\"target\":{\"@type\":\"EntryPoint\",\"urlTemplate\":\"https:\/\/fontefaria.com\/novo\/?s={search_term_string}\"},\"query-input\":\"required name=search_term_string\"}],\"inLanguage\":\"pt-PT\"},{\"@type\":\"Organization\",\"@id\":\"https:\/\/fontefaria.com\/novo\/#organization\",\"name\":\"Fonte & Faria\",\"url\":\"https:\/\/fontefaria.com\/novo\/\",\"logo\":{\"@type\":\"ImageObject\",\"inLanguage\":\"pt-PT\",\"@id\":\"https:\/\/fontefaria.com\/novo\/#\/schema\/logo\/image\/\",\"url\":\"https:\/\/fontefaria.com\/novo\/wp-content\/uploads\/2016\/11\/logo_FonteFaria-02.png\",\"contentUrl\":\"https:\/\/fontefaria.com\/novo\/wp-content\/uploads\/2016\/11\/logo_FonteFaria-02.png\",\"width\":527,\"height\":253,\"caption\":\"Fonte & Faria\"},\"image\":{\"@id\":\"https:\/\/fontefaria.com\/novo\/#\/schema\/logo\/image\/\"}}]}<\/script>\n<!-- \/ Yoast SEO plugin. -->","yoast_head_json":{"title":"Contactos - Fonte &amp; Faria","robots":{"index":"index","follow":"follow","max-snippet":"max-snippet:-1","max-image-preview":"max-image-preview:large","max-video-preview":"max-video-preview:-1"},"canonical":"https:\/\/fontefaria.com\/novo\/pt\/contactos\/","og_locale":"pt_PT","og_type":"article","og_title":"Contactos - Fonte &amp; Faria","og_url":"https:\/\/fontefaria.com\/novo\/pt\/contactos\/","og_site_name":"Fonte &amp; Faria","article_modified_time":"2019-07-03T16:53:06+00:00","twitter_card":"summary_large_image","twitter_misc":{"Tempo estimado de leitura":"4 minutos"},"schema":{"@context":"https:\/\/schema.org","@graph":[{"@type":"WebPage","@id":"https:\/\/fontefaria.com\/novo\/pt\/contactos\/","url":"https:\/\/fontefaria.com\/novo\/pt\/contactos\/","name":"Contactos - Fonte &amp; Faria","isPartOf":{"@id":"https:\/\/fontefaria.com\/novo\/#website"},"datePublished":"2019-07-03T14:50:25+00:00","dateModified":"2019-07-03T16:53:06+00:00","breadcrumb":{"@id":"https:\/\/fontefaria.com\/novo\/pt\/contactos\/#breadcrumb"},"inLanguage":"pt-PT","potentialAction":[{"@type":"ReadAction","target":["https:\/\/fontefaria.com\/novo\/pt\/contactos\/"]}]},{"@type":"BreadcrumbList","@id":"https:\/\/fontefaria.com\/novo\/pt\/contactos\/#breadcrumb","itemListElement":[{"@type":"ListItem","position":1,"name":"In\u00edcio","item":"https:\/\/fontefaria.com\/novo\/pt\/home\/"},{"@type":"ListItem","position":2,"name":"Contactos"}]},{"@type":"WebSite","@id":"https:\/\/fontefaria.com\/novo\/#website","url":"https:\/\/fontefaria.com\/novo\/","name":"Fonte &amp; Faria","description":"T\u00eaxtil","publisher":{"@id":"https:\/\/fontefaria.com\/novo\/#organization"},"potentialAction":[{"@type":"SearchAction","target":{"@type":"EntryPoint","urlTemplate":"https:\/\/fontefaria.com\/novo\/?s={search_term_string}"},"query-input":"required name=search_term_string"}],"inLanguage":"pt-PT"},{"@type":"Organization","@id":"https:\/\/fontefaria.com\/novo\/#organization","name":"Fonte & Faria","url":"https:\/\/fontefaria.com\/novo\/","logo":{"@type":"ImageObject","inLanguage":"pt-PT","@id":"https:\/\/fontefaria.com\/novo\/#\/schema\/logo\/image\/","url":"https:\/\/fontefaria.com\/novo\/wp-content\/uploads\/2016\/11\/logo_FonteFaria-02.png","contentUrl":"https:\/\/fontefaria.com\/novo\/wp-content\/uploads\/2016\/11\/logo_FonteFaria-02.png","width":527,"height":253,"caption":"Fonte & Faria"},"image":{"@id":"https:\/\/fontefaria.com\/novo\/#\/schema\/logo\/image\/"}}]}},"_links":{"self":[{"href":"https:\/\/fontefaria.com\/novo\/wp-json\/wp\/v2\/pages\/21"}],"collection":[{"href":"https:\/\/fontefaria.com\/novo\/wp-json\/wp\/v2\/pages"}],"about":[{"href":"https:\/\/fontefaria.com\/novo\/wp-json\/wp\/v2\/types\/page"}],"author":[{"embeddable":true,"href":"https:\/\/fontefaria.com\/novo\/wp-json\/wp\/v2\/users\/1"}],"replies":[{"embeddable":true,"href":"https:\/\/fontefaria.com\/novo\/wp-json\/wp\/v2\/comments?post=21"}],"version-history":[{"count":34,"href":"https:\/\/fontefaria.com\/novo\/wp-json\/wp\/v2\/pages\/21\/revisions"}],"predecessor-version":[{"id":4743,"href":"https:\/\/fontefaria.com\/novo\/wp-json\/wp\/v2\/pages\/21\/revisions\/4743"}],"wp:attachment":[{"href":"https:\/\/fontefaria.com\/novo\/wp-json\/wp\/v2\/media?parent=21"}],"curies":[{"name":"wp","href":"https:\/\/api.w.org\/{rel}","templated":true}]}}