{"id":4436,"date":"2019-07-03T16:50:37","date_gmt":"2019-07-03T16:50:37","guid":{"rendered":"http:\/\/fontefaria.com\/novo\/?page_id=4436"},"modified":"2019-07-04T14:32:06","modified_gmt":"2019-07-04T14:32:06","slug":"plataformas","status":"publish","type":"page","link":"https:\/\/fontefaria.com\/novo\/pt\/plataformas\/","title":{"rendered":"Plataformas"},"content":{"rendered":"<\/div><\/div><\/div><!-- close content main div --><\/div><\/div><div id='av_section_1' class='avia-section main_color avia-section-huge avia-no-border-styling avia-full-stretch av-parallax-section av-section-color-overlay-active avia-bg-style-parallax  av-minimum-height av-minimum-height-25 container_wrap sidebar_right'  data-section-bg-repeat='stretch' ><div class='av-parallax' data-avia-parallax-ratio='0.3' ><div class='av-parallax-inner main_color  avia-full-stretch' style = 'background-repeat: no-repeat; background-image: url(https:\/\/fontefaria.com\/novo\/wp-content\/uploads\/2017\/10\/prodsmart1.jpeg); background-attachment: scroll; background-position: top right; ' ><\/div><\/div><div class='av-section-color-overlay-wrap'><div class='av-section-color-overlay' style='opacity: 0.7; background-color: #323752; '><\/div><a href='#next-section' title='' class='scroll-down-link' aria-hidden='true' data-av_icon='\ue877' data-av_iconfont='entypo-fontello'><\/a><div class='container' ><div class='template-page content  av-content-small alpha units'><div class='post-entry post-entry-type-page post-entry-4436'><div class='entry-content-wrapper clearfix'>\n<div class=\"flex_column av_one_fifth  flex_column_div av-zero-column-padding first  \" style='border-radius:0px; '><\/div><div class=\"flex_column av_three_fifth  flex_column_div av-zero-column-padding   \" style='border-radius:0px; '><p><div style='padding-bottom:10px;color:#ffffff;font-size:40px;' class='av-special-heading av-special-heading-h1 custom-color-heading blockquote modern-quote modern-centered   av-thin-font av-inherit-size'><h1 class='av-special-heading-tag'  itemprop=\"headline\"  ><strong>Plataformas<\/strong><\/h1><div class='special-heading-border'><div class='special-heading-inner-border' style='border-color:#ffffff'><\/div><\/div><\/div><br \/>\n<div style=' margin-top:40px; margin-bottom:40px;'  class='hr hr-custom hr-center hr-icon-no '><span class='hr-inner   inner-border-av-border-fat' style=' width:50px; border-color:#ffffff;' ><span class='hr-inner-style'><\/span><\/span><\/div><\/p><\/div><div class=\"flex_column av_one_fifth  flex_column_div av-zero-column-padding   \" style='border-radius:0px; '><\/div>\n<\/div><\/div><\/div><!-- close content main div --><\/div><\/div><\/div><div id='after_section_1' class='main_color av_default_container_wrap container_wrap sidebar_right'   ><div class='container' ><div class='template-page content  av-content-small alpha units'><div class='post-entry post-entry-type-page post-entry-4436'><div class='entry-content-wrapper clearfix'>\n<\/div><\/div><\/div><!-- close content main div --><\/div><\/div><\/div><div id='av_section_2' class='avia-section main_color avia-section-huge avia-no-border-styling avia-bg-style-scroll  av-minimum-height av-minimum-height-75 container_wrap sidebar_right'   ><div class='av-section-color-overlay-wrap'><a href='#next-section' title='' class='scroll-down-link' aria-hidden='true' data-av_icon='\ue877' data-av_iconfont='entypo-fontello'><\/a><div class='container' ><div class='template-page content  av-content-small alpha units'><div class='post-entry post-entry-type-page post-entry-4436'><div class='entry-content-wrapper clearfix'>\n<div class=\"flex_column av_one_full  flex_column_div av-zero-column-padding first  \" style='border-radius:0px; '><section class=\"av_textblock_section\"  itemscope=\"itemscope\" itemtype=\"https:\/\/schema.org\/CreativeWork\" ><div class='avia_textblock '   itemprop=\"text\" ><h3>Prodsmart<\/h3>\n<p>Com a chegada da t\u00e3o famosa &#8220;Ind\u00fastria 4.0&#8221;, a Fonte &amp; Faria n\u00e3o ficou indiferente em rela\u00e7\u00e3o a este fen\u00f3meno e tem j\u00e1 em funcionamento a plataforma &#8220;Prodsmart&#8221;.<\/p>\n<p>A Prodsmart \u00e9 uma plataforma online, totalmente portuguesa, que permite gerir toda a produ\u00e7\u00e3o em tempo real. Com a utiliza\u00e7\u00e3o de tablets\/smartphones em cada m\u00e1quina, esta plataforma permite-nos saber em tempo real tudo o que est\u00e1 a ser feito por cada funcion\u00e1rio e\/ou opera\u00e7\u00e3o. Isto permite uma melhor gest\u00e3o da linha de produ\u00e7\u00e3o e um maior controle de quantidade e qualidade.<\/p>\n<p>Na parte da gest\u00e3o (back office), \u00e9 poss\u00edvel elaborar relat\u00f3rios sobre determinado modelo\/encomenda de forma a tirar conclus\u00f5es em termos de produtividade e qualidade.<\/p>\n<p>A plataforma permite ainda guardar todos os registos de produ\u00e7\u00f5es, o que no futuro, facilita a or\u00e7amenta\u00e7\u00e3o de novos modelos.<\/p>\n<p>Com esta plataforma reduziu-se significativamente o uso de papel, uma vez que se trata de uma plataforma totalmente digital e online.<\/p>\n<\/div><\/section><\/div>\n<\/div><\/div><\/div><!-- close content main div --><\/div><\/div><\/div><div id='after_section_2' class='main_color av_default_container_wrap container_wrap sidebar_right'   ><div class='container' ><div class='template-page content  av-content-small alpha units'><div class='post-entry post-entry-type-page post-entry-4436'><div class='entry-content-wrapper clearfix'>\n<\/div><\/div><\/div><!-- close content main div --><\/div><\/div><\/div><div id='video' class='avia-section main_color avia-section-huge avia-no-shadow av-section-color-overlay-active avia-bg-style-scroll  av-minimum-height av-minimum-height-custom av-section-with-video-bg container_wrap sidebar_right'    data-section-video-ratio='16:9' ><div  data-size='featured'  data-lightbox_size='large'  data-animation='slide'  data-ids=''  data-video_counter='1'  data-autoplay='false'  data-bg_slider='false'  data-slide_height=''  data-handle=''  data-interval='5'  data-class=' av-section-video-bg'  data-css_id=''  data-scroll_down=''  data-control_layout=''  data-custom_markup=''  data-perma_caption=''  data-autoplay_stopper=''  data-image_attachment=''  data-default-height='28.666666666667'  class='avia-slideshow avia-slideshow-1  av-default-height-applied avia-slideshow-featured   av-section-video-bg avia-slide-slider '  itemscope=\"itemscope\" itemtype=\"https:\/\/schema.org\/ImageObject\" ><ul class='avia-slideshow-inner' style='padding-bottom: 28.666666666667%;'><li  data-controls='disabled' data-mute='1' data-loop='1' data-disable-autoplay=''  data-video-ratio='3.4883720930233' class=' av-video-slide  av-video-service-youtube  av-hide-video-controls av-mute-video av-loop-video av-single-slide slide-1 ' ><div data-rel='slideshow-1' class='avia-slide-wrap'  ><div class='av-click-overlay'><\/div><div class='mejs-mediaelement'><div height='1600' width='900' class='av_youtube_frame' id='player_4436_2104412522_867064463'  data-autoplay='0'  data-videoid='hlJRkyRD4hw'  data-hd='1'  data-rel='0'  data-wmode='opaque'  data-playlist='player_4436_2104412522_867064463'  data-loop='0'  data-version='3'  data-autohide='1'  data-color='white'  data-controls='0'  data-showinfo='0'  data-iv_load_policy='3' ><\/div><\/div><\/div><\/li><\/ul><\/div><div class='av-section-color-overlay-wrap'><div class='av-section-color-overlay' style='opacity: 0.7; background-color: #0d1123; '><\/div><div class='container' style='height:700px'><div class='template-page content  av-content-small alpha units'><div class='post-entry post-entry-type-page post-entry-4436'><div class='entry-content-wrapper clearfix'>\n<span class=\"av_font_icon avia_animate_when_visible av-icon-style-border  avia-icon-pos-center \" style=\"color:#ffffff; border-color:#ffffff;\"><a href='https:\/\/www.youtube.com\/watch?v=hlJRkyRD4hw'   class='av-icon-char' style='font-size:40px;line-height:40px;width:40px;' aria-hidden='true' data-av_icon='\ue897' data-av_iconfont='entypo-fontello' ><\/a><\/span>\n<\/div><\/div><\/div><!-- close content main div --><\/div><\/div><\/div><div id='after_section_3' class='main_color av_default_container_wrap container_wrap sidebar_right'   ><div class='container' ><div class='template-page content  av-content-small alpha units'><div class='post-entry post-entry-type-page post-entry-4436'><div class='entry-content-wrapper clearfix'>\n","protected":false},"excerpt":{"rendered":"","protected":false},"author":1,"featured_media":0,"parent":0,"menu_order":0,"comment_status":"open","ping_status":"closed","template":"","meta":{"footnotes":""},"class_list":["post-4436","page","type-page","status-publish","hentry"],"yoast_head":"<!-- This site is optimized with the Yoast SEO plugin v23.0 - https:\/\/yoast.com\/wordpress\/plugins\/seo\/ -->\n<title>Plataformas - Fonte &amp; Faria<\/title>\n<meta name=\"robots\" content=\"index, follow, max-snippet:-1, max-image-preview:large, max-video-preview:-1\" \/>\n<link rel=\"canonical\" href=\"https:\/\/fontefaria.com\/novo\/pt\/plataformas\/\" \/>\n<meta property=\"og:locale\" content=\"pt_PT\" \/>\n<meta property=\"og:type\" content=\"article\" \/>\n<meta property=\"og:title\" content=\"Plataformas - Fonte &amp; Faria\" \/>\n<meta property=\"og:url\" content=\"https:\/\/fontefaria.com\/novo\/pt\/plataformas\/\" \/>\n<meta property=\"og:site_name\" content=\"Fonte &amp; Faria\" \/>\n<meta property=\"article:modified_time\" content=\"2019-07-04T14:32:06+00:00\" \/>\n<meta name=\"twitter:card\" content=\"summary_large_image\" \/>\n<meta name=\"twitter:label1\" content=\"Tempo estimado de leitura\" \/>\n\t<meta name=\"twitter:data1\" content=\"4 minutos\" \/>\n<script type=\"application\/ld+json\" class=\"yoast-schema-graph\">{\"@context\":\"https:\/\/schema.org\",\"@graph\":[{\"@type\":\"WebPage\",\"@id\":\"https:\/\/fontefaria.com\/novo\/pt\/plataformas\/\",\"url\":\"https:\/\/fontefaria.com\/novo\/pt\/plataformas\/\",\"name\":\"Plataformas - Fonte &amp; Faria\",\"isPartOf\":{\"@id\":\"https:\/\/fontefaria.com\/novo\/#website\"},\"datePublished\":\"2019-07-03T16:50:37+00:00\",\"dateModified\":\"2019-07-04T14:32:06+00:00\",\"breadcrumb\":{\"@id\":\"https:\/\/fontefaria.com\/novo\/pt\/plataformas\/#breadcrumb\"},\"inLanguage\":\"pt-PT\",\"potentialAction\":[{\"@type\":\"ReadAction\",\"target\":[\"https:\/\/fontefaria.com\/novo\/pt\/plataformas\/\"]}]},{\"@type\":\"BreadcrumbList\",\"@id\":\"https:\/\/fontefaria.com\/novo\/pt\/plataformas\/#breadcrumb\",\"itemListElement\":[{\"@type\":\"ListItem\",\"position\":1,\"name\":\"In\u00edcio\",\"item\":\"https:\/\/fontefaria.com\/novo\/pt\/home\/\"},{\"@type\":\"ListItem\",\"position\":2,\"name\":\"Plataformas\"}]},{\"@type\":\"WebSite\",\"@id\":\"https:\/\/fontefaria.com\/novo\/#website\",\"url\":\"https:\/\/fontefaria.com\/novo\/\",\"name\":\"Fonte &amp; Faria\",\"description\":\"T\u00eaxtil\",\"publisher\":{\"@id\":\"https:\/\/fontefaria.com\/novo\/#organization\"},\"potentialAction\":[{\"@type\":\"SearchAction\",\"target\":{\"@type\":\"EntryPoint\",\"urlTemplate\":\"https:\/\/fontefaria.com\/novo\/?s={search_term_string}\"},\"query-input\":\"required name=search_term_string\"}],\"inLanguage\":\"pt-PT\"},{\"@type\":\"Organization\",\"@id\":\"https:\/\/fontefaria.com\/novo\/#organization\",\"name\":\"Fonte & Faria\",\"url\":\"https:\/\/fontefaria.com\/novo\/\",\"logo\":{\"@type\":\"ImageObject\",\"inLanguage\":\"pt-PT\",\"@id\":\"https:\/\/fontefaria.com\/novo\/#\/schema\/logo\/image\/\",\"url\":\"https:\/\/fontefaria.com\/novo\/wp-content\/uploads\/2016\/11\/logo_FonteFaria-02.png\",\"contentUrl\":\"https:\/\/fontefaria.com\/novo\/wp-content\/uploads\/2016\/11\/logo_FonteFaria-02.png\",\"width\":527,\"height\":253,\"caption\":\"Fonte & Faria\"},\"image\":{\"@id\":\"https:\/\/fontefaria.com\/novo\/#\/schema\/logo\/image\/\"}}]}<\/script>\n<!-- \/ Yoast SEO plugin. -->","yoast_head_json":{"title":"Plataformas - Fonte &amp; Faria","robots":{"index":"index","follow":"follow","max-snippet":"max-snippet:-1","max-image-preview":"max-image-preview:large","max-video-preview":"max-video-preview:-1"},"canonical":"https:\/\/fontefaria.com\/novo\/pt\/plataformas\/","og_locale":"pt_PT","og_type":"article","og_title":"Plataformas - Fonte &amp; Faria","og_url":"https:\/\/fontefaria.com\/novo\/pt\/plataformas\/","og_site_name":"Fonte &amp; Faria","article_modified_time":"2019-07-04T14:32:06+00:00","twitter_card":"summary_large_image","twitter_misc":{"Tempo estimado de leitura":"4 minutos"},"schema":{"@context":"https:\/\/schema.org","@graph":[{"@type":"WebPage","@id":"https:\/\/fontefaria.com\/novo\/pt\/plataformas\/","url":"https:\/\/fontefaria.com\/novo\/pt\/plataformas\/","name":"Plataformas - Fonte &amp; Faria","isPartOf":{"@id":"https:\/\/fontefaria.com\/novo\/#website"},"datePublished":"2019-07-03T16:50:37+00:00","dateModified":"2019-07-04T14:32:06+00:00","breadcrumb":{"@id":"https:\/\/fontefaria.com\/novo\/pt\/plataformas\/#breadcrumb"},"inLanguage":"pt-PT","potentialAction":[{"@type":"ReadAction","target":["https:\/\/fontefaria.com\/novo\/pt\/plataformas\/"]}]},{"@type":"BreadcrumbList","@id":"https:\/\/fontefaria.com\/novo\/pt\/plataformas\/#breadcrumb","itemListElement":[{"@type":"ListItem","position":1,"name":"In\u00edcio","item":"https:\/\/fontefaria.com\/novo\/pt\/home\/"},{"@type":"ListItem","position":2,"name":"Plataformas"}]},{"@type":"WebSite","@id":"https:\/\/fontefaria.com\/novo\/#website","url":"https:\/\/fontefaria.com\/novo\/","name":"Fonte &amp; Faria","description":"T\u00eaxtil","publisher":{"@id":"https:\/\/fontefaria.com\/novo\/#organization"},"potentialAction":[{"@type":"SearchAction","target":{"@type":"EntryPoint","urlTemplate":"https:\/\/fontefaria.com\/novo\/?s={search_term_string}"},"query-input":"required name=search_term_string"}],"inLanguage":"pt-PT"},{"@type":"Organization","@id":"https:\/\/fontefaria.com\/novo\/#organization","name":"Fonte & Faria","url":"https:\/\/fontefaria.com\/novo\/","logo":{"@type":"ImageObject","inLanguage":"pt-PT","@id":"https:\/\/fontefaria.com\/novo\/#\/schema\/logo\/image\/","url":"https:\/\/fontefaria.com\/novo\/wp-content\/uploads\/2016\/11\/logo_FonteFaria-02.png","contentUrl":"https:\/\/fontefaria.com\/novo\/wp-content\/uploads\/2016\/11\/logo_FonteFaria-02.png","width":527,"height":253,"caption":"Fonte & Faria"},"image":{"@id":"https:\/\/fontefaria.com\/novo\/#\/schema\/logo\/image\/"}}]}},"_links":{"self":[{"href":"https:\/\/fontefaria.com\/novo\/wp-json\/wp\/v2\/pages\/4436"}],"collection":[{"href":"https:\/\/fontefaria.com\/novo\/wp-json\/wp\/v2\/pages"}],"about":[{"href":"https:\/\/fontefaria.com\/novo\/wp-json\/wp\/v2\/types\/page"}],"author":[{"embeddable":true,"href":"https:\/\/fontefaria.com\/novo\/wp-json\/wp\/v2\/users\/1"}],"replies":[{"embeddable":true,"href":"https:\/\/fontefaria.com\/novo\/wp-json\/wp\/v2\/comments?post=4436"}],"version-history":[{"count":37,"href":"https:\/\/fontefaria.com\/novo\/wp-json\/wp\/v2\/pages\/4436\/revisions"}],"predecessor-version":[{"id":4800,"href":"https:\/\/fontefaria.com\/novo\/wp-json\/wp\/v2\/pages\/4436\/revisions\/4800"}],"wp:attachment":[{"href":"https:\/\/fontefaria.com\/novo\/wp-json\/wp\/v2\/media?parent=4436"}],"curies":[{"name":"wp","href":"https:\/\/api.w.org\/{rel}","templated":true}]}}